{"id":911,"date":"2021-10-27T15:34:03","date_gmt":"2021-10-27T15:34:03","guid":{"rendered":"http:\/\/aiwzdrowiu.pl\/?page_id=911"},"modified":"2024-11-04T12:29:41","modified_gmt":"2024-11-04T11:29:41","slug":"o-nas","status":"publish","type":"page","link":"https:\/\/aiwzdrowiu.pl\/en\/o-nas\/","title":{"rendered":"O nas"},"content":{"rendered":"<p><div class=\"fusion-fullwidth fullwidth-box fusion-builder-row-1 fusion-flex-container nonhundred-percent-fullwidth non-hundred-percent-height-scrolling\" style=\"background-color: #ffffff;background-position: center center;background-repeat: no-repeat;border-width: 0px 0px 0px 0px;border-color:#ffffff;border-style:solid;\" ><div class=\"fusion-builder-row fusion-row fusion-flex-align-items-center fusion-flex-justify-content-center\" style=\"max-width:calc( 1170px + 0px );margin-left: calc(-0px \/ 2 );margin-right: calc(-0px \/ 2 );\"><div class=\"fusion-layout-column fusion_builder_column fusion-builder-column-0 fusion_builder_column_1_1 1_1 fusion-flex-column\"><div class=\"fusion-column-wrapper fusion-flex-justify-content-flex-start fusion-content-layout-column\" style=\"background-position:left top;background-repeat:no-repeat;-webkit-background-size:cover;-moz-background-size:cover;-o-background-size:cover;background-size:cover;padding: 0px 0px 0px 0px;\"><style type=\"text\/css\">@media only screen and (max-width:1024px) {.fusion-title.fusion-title-1{margin-top:0px!important;margin-bottom:40px!important;}}<\/style><div class=\"fusion-title title fusion-title-1 fusion-title-text fusion-title-size-one\" style=\"margin-top:0px;margin-bottom:40px;\"><div class=\"title-sep-container title-sep-container-left fusion-no-large-visibility fusion-no-medium-visibility fusion-no-small-visibility\"><div class=\"title-sep sep-\" style=\"border-color:#e0dede;\"><\/div><\/div><h1 class=\"title-heading-left\" style=\"margin:0;\"><div style=\"text-align: center;\"><span style=\"font-family: var(--h1_typography-font-family); font-size: var(--h1_typography-font-size); font-style: var(--h1_typography-font-style,normal); letter-spacing: var(--h1_typography-letter-spacing); color: #002e5d;\"><strong>AI IN HEALTH COALITION TEAM<\/strong><\/span><\/div><\/h1><div class=\"title-sep-container title-sep-container-right\"><div class=\"title-sep sep-\" style=\"border-color:#e0dede;\"><\/div><\/div><\/div><\/div><\/div><style type=\"text\/css\">.fusion-body .fusion-builder-column-0{width:100% !important;margin-top : 0px;margin-bottom : 0px;}.fusion-builder-column-0 > .fusion-column-wrapper {padding-top : 0px !important;padding-right : 0px !important;margin-right : 0px;padding-bottom : 0px !important;padding-left : 0px !important;margin-left : 0px;}@media only screen and (max-width:1024px) {.fusion-body .fusion-builder-column-0{width:100% !important;}.fusion-builder-column-0 > .fusion-column-wrapper {margin-right : 0px;margin-left : 0px;}}@media only screen and (max-width:640px) {.fusion-body .fusion-builder-column-0{width:100% !important;}.fusion-builder-column-0 > .fusion-column-wrapper {margin-right : 0px;margin-left : 0px;}}<\/style><div class=\"fusion-layout-column fusion_builder_column fusion-builder-column-1 fusion_builder_column_1_1 1_1 fusion-flex-column\"><div class=\"fusion-column-wrapper fusion-flex-justify-content-flex-start fusion-content-layout-column\" style=\"background-position:left top;background-repeat:no-repeat;-webkit-background-size:cover;-moz-background-size:cover;-o-background-size:cover;background-size:cover;padding: 0px 0px 0px 0px;\"><div class=\"fusion-text fusion-text-1\" style=\"transform:translate3d(0,0,0);\"><p style=\"text-align: justify;\"><strong>Ligia Kornowska<\/strong><\/p>\n<p><img class=\"wp-image-3928 alignleft\" src=\"https:\/\/aiwzdrowiu.pl\/wp-content\/uploads\/2022\/10\/Ligia-Kornowska.png\" alt=\"\" width=\"224\" height=\"238\" srcset=\"https:\/\/aiwzdrowiu.pl\/wp-content\/uploads\/2022\/10\/Ligia-Kornowska-200x212.png 200w, https:\/\/aiwzdrowiu.pl\/wp-content\/uploads\/2022\/10\/Ligia-Kornowska-283x300.png 283w, https:\/\/aiwzdrowiu.pl\/wp-content\/uploads\/2022\/10\/Ligia-Kornowska-400x424.png 400w, https:\/\/aiwzdrowiu.pl\/wp-content\/uploads\/2022\/10\/Ligia-Kornowska-600x636.png 600w, https:\/\/aiwzdrowiu.pl\/wp-content\/uploads\/2022\/10\/Ligia-Kornowska-768x814.png 768w, https:\/\/aiwzdrowiu.pl\/wp-content\/uploads\/2022\/10\/Ligia-Kornowska-800x848.png 800w, https:\/\/aiwzdrowiu.pl\/wp-content\/uploads\/2022\/10\/Ligia-Kornowska.png 940w\" sizes=\"(max-width: 224px) 100vw, 224px\" \/><\/p>\n<p style=\"text-align: justify;\">Liderka AI w zdrowiu, telemedycyny, danych medycznych, do\u015bwiadczona w prowadzeniu startup\u00f3w, inwestorka i konsultantka wspomagaj\u0105ca cyfrow\u0105 transformacj\u0119 w zdrowiu. <span style=\"color: var(--body_typography-color); font-family: var(--body_typography-font-family); font-size: var(--body_typography-font-size); font-style: var(--body_typography-font-style,normal); font-weight: var(--body_typography-font-weight); letter-spacing: var(--body_typography-letter-spacing);\">Liderka GRAI ds. zdrowia przy Kancelarii Prezesa Rady Ministr\u00f3w i strumienia AI&amp;BD w Strategii e-Zdrowia na lata 2021-2026 dla Polski. Dyrektorka Polskiej Federacji Szpitali &#8211; najwi\u0119kszej organizacji szpitali w Polsce, wsp\u00f3\u0142inicjatorka Kodeksu Bran\u017cowego RODO w Ochronie Zdrowia.<\/span><span style=\"color: var(--body_typography-color); font-family: var(--body_typography-font-family); font-size: var(--body_typography-font-size); font-style: var(--body_typography-font-style,normal); font-weight: var(--body_typography-font-weight); letter-spacing: var(--body_typography-letter-spacing); text-align: justify;\"> Wyr\u00f3\u017cniona na li\u015bcie Forbesa &#8220;25 under 25&#8221; w kategorii &#8220;Biznes\u201d, wyr\u00f3\u017cniona na li\u015bcie \u201e100 najbardziej wp\u0142ywowych os\u00f3b w ochronie zdrowia\u201d w latach 2019 &#8211; 2023. Prelegentka i moderator licznych konferencji sektora ochrony zdrowia o zasi\u0119gu krajowym i mi\u0119dzynarodowym.<\/span><\/p>\n<p style=\"text-align: justify;\">\n<\/div><a class=\"fb-icon-element-1 fb-icon-element fontawesome-icon fa-linkedin-in fab circle-yes fusion-link\" style=\"font-size:26.4px;line-height:50.8px;height:52.8px;width:52.8px;border-width:1px;align-self:flex-end;margin-left:15px;\" href=\"https:\/\/www.linkedin.com\/in\/ligiakornowska\/\" aria-label=\"Link to https:\/\/www.linkedin.com\/in\/ligiakornowska\/\" target=\"_self\"><\/a><style>a.fb-icon-element.fontawesome-icon.fb-icon-element-1{ color: #002e5d; background-color: #ffffff; border-color: #002e5d;}a.fb-icon-element.fontawesome-icon.fb-icon-element-1:hover { color: #ffffff; background-color: #002e5d; border-color: #ffffff;}<\/style><\/div><\/div><style type=\"text\/css\">.fusion-body .fusion-builder-column-1{width:100% !important;margin-top : 0px;margin-bottom : 0px;}.fusion-builder-column-1 > .fusion-column-wrapper {padding-top : 0px !important;padding-right : 0px !important;margin-right : 0px;padding-bottom : 0px !important;padding-left : 0px !important;margin-left : 0px;}@media only screen and (max-width:1024px) {.fusion-body .fusion-builder-column-1{width:100% !important;}.fusion-builder-column-1 > .fusion-column-wrapper {margin-right : 0px;margin-left : 0px;}}@media only screen and (max-width:640px) {.fusion-body .fusion-builder-column-1{width:100% !important;}.fusion-builder-column-1 > .fusion-column-wrapper {margin-right : 0px;margin-left : 0px;}}<\/style><\/div><style type=\"text\/css\">.fusion-body .fusion-flex-container.fusion-builder-row-1{ padding-top : 0px;margin-top : 0px;padding-right : 0px;padding-bottom : 0px;margin-bottom : 0px;padding-left : 0px;}<\/style><\/div><div class=\"fusion-fullwidth fullwidth-box fusion-builder-row-2 fusion-flex-container nonhundred-percent-fullwidth non-hundred-percent-height-scrolling\" style=\"background-color: #ffffff;background-position: center center;background-repeat: no-repeat;border-width: 0px 0px 0px 0px;border-color:#ffffff;border-style:solid;\" ><div class=\"fusion-builder-row fusion-row fusion-flex-align-items-flex-start\" style=\"max-width:calc( 1170px + 0px );margin-left: calc(-0px \/ 2 );margin-right: calc(-0px \/ 2 );\"><div class=\"fusion-layout-column fusion_builder_column fusion-builder-column-2 fusion_builder_column_1_1 1_1 fusion-flex-column\"><div class=\"fusion-column-wrapper fusion-flex-justify-content-flex-start fusion-content-layout-column\" style=\"background-position:left top;background-repeat:no-repeat;-webkit-background-size:cover;-moz-background-size:cover;-o-background-size:cover;background-size:cover;padding: 0px 0px 0px 0px;\"><div class=\"fusion-text fusion-text-2\" style=\"color:#5c5c5c;transform:translate3d(0,0,0);\"><p style=\"text-align: justify;\"><strong style=\"color: rgb(0, 0, 0);\">Karolina Kornowska<\/strong><\/p>\n<p style=\"text-align: justify;\"><img class=\"wp-image-3931 alignleft\" src=\"https:\/\/aiwzdrowiu.pl\/wp-content\/uploads\/2022\/10\/Kornowska-kwadrat.jpg\" alt=\"\" width=\"217\" height=\"234\" srcset=\"https:\/\/aiwzdrowiu.pl\/wp-content\/uploads\/2022\/10\/Kornowska-kwadrat-200x216.jpg 200w, https:\/\/aiwzdrowiu.pl\/wp-content\/uploads\/2022\/10\/Kornowska-kwadrat-278x300.jpg 278w, https:\/\/aiwzdrowiu.pl\/wp-content\/uploads\/2022\/10\/Kornowska-kwadrat.jpg 360w\" sizes=\"(max-width: 217px) 100vw, 217px\" \/><\/p>\n<p>COO wZdrowiu. Autorka Raportu \u201eTop Disruptors in Healthcare\u201d oraz koordynatorka mi\u0119dzynarodowych Konferencji &#8220;AI &amp; MEDTECH CEE&#8221;, \u201eCybersec &amp; RODO w Zdrowiu\u201d, &#8220;MedStar Innovators&#8221;. <span style=\"font-family: var(--body_typography-font-family); font-size: var(--body_typography-font-size); font-style: var(--body_typography-font-style,normal); font-weight: var(--body_typography-font-weight); letter-spacing: var(--body_typography-letter-spacing);\">Project Manager Koalicji AI w Zdrowiu oraz Polskiej Federacji Szpitali. <\/span><span style=\"font-family: var(--body_typography-font-family); font-size: var(--body_typography-font-size); font-style: var(--body_typography-font-style,normal); font-weight: var(--body_typography-font-weight); letter-spacing: var(--body_typography-letter-spacing);\">Wsp\u00f3\u0142pracowa\u0142a przy tworzeniu podcastu \u201eZdrowie w rozmowie\u201d, przegl\u0105du \u201eAI to nie Sci-Fi\u201d, &#8220;Bia\u0142ej Ksi\u0119gi AI w praktyce klinicznej&#8221; oraz &#8220;Raportu Otwarcia&#8221;. <\/span><span style=\"font-family: var(--body_typography-font-family); font-size: var(--body_typography-font-size); font-style: var(--body_typography-font-style,normal); font-weight: var(--body_typography-font-weight); letter-spacing: var(--body_typography-letter-spacing);\">Podczas letnich praktyk w Kancelarii DZP pracowa\u0142a nad Kodeksem Bran\u017cowym dla sektora ochrony zdrowia. <\/span><span style=\"font-family: var(--body_typography-font-family); font-size: var(--body_typography-font-size); font-style: var(--body_typography-font-style,normal); font-weight: var(--body_typography-font-weight); letter-spacing: var(--body_typography-letter-spacing);\">Magister Prawa. Doktorantka pod S\u0119dzi\u0105 S\u0105du Najwy\u017cszego w stanie spoczynku, prof. Jackiem Sobczakiem. <\/span><span style=\"font-family: var(--body_typography-font-family); font-size: var(--body_typography-font-size); font-style: var(--body_typography-font-style,normal); font-weight: var(--body_typography-font-weight); letter-spacing: var(--body_typography-letter-spacing);\">Moderatorka oraz prelegentka na og\u00f3lnopolskich oraz mi\u0119dzynarodowych konferencjach z zakresu innowacji medycznych. <\/span><\/p>\n<p style=\"text-align: justify;\">\n<\/div><a class=\"fb-icon-element-2 fb-icon-element fontawesome-icon fa-linkedin-in fab circle-yes fusion-link\" style=\"font-size:26.4px;line-height:50.8px;height:52.8px;width:52.8px;border-width:1px;align-self:flex-end;margin-left:15px;\" href=\"https:\/\/www.linkedin.com\/in\/karolina-kornowska-27445b1ab\/\" aria-label=\"Link to https:\/\/www.linkedin.com\/in\/karolina-kornowska-27445b1ab\/\" target=\"_self\"><\/a><style>a.fb-icon-element.fontawesome-icon.fb-icon-element-2{ color: #002e5d; background-color: #ffffff; border-color: #002e5d;}a.fb-icon-element.fontawesome-icon.fb-icon-element-2:hover { color: #ffffff; background-color: #002e5d; border-color: #ffffff;}<\/style><\/div><\/div><style type=\"text\/css\">.fusion-body .fusion-builder-column-2{width:100% !important;margin-top : 0px;margin-bottom : 0px;}.fusion-builder-column-2 > .fusion-column-wrapper {padding-top : 0px !important;padding-right : 0px !important;margin-right : 0px;padding-bottom : 0px !important;padding-left : 0px !important;margin-left : 0px;}@media only screen and (max-width:1024px) {.fusion-body .fusion-builder-column-2{width:100% !important;}.fusion-builder-column-2 > .fusion-column-wrapper {margin-right : 0px;margin-left : 0px;}}@media only screen and (max-width:640px) {.fusion-body .fusion-builder-column-2{width:100% !important;}.fusion-builder-column-2 > .fusion-column-wrapper {margin-right : 0px;margin-left : 0px;}}<\/style><\/div><style type=\"text\/css\">.fusion-body .fusion-flex-container.fusion-builder-row-2{ padding-top : 0px;margin-top : 0px;padding-right : 0px;padding-bottom : 0px;margin-bottom : 0px;padding-left : 0px;}<\/style><\/div><div class=\"fusion-fullwidth fullwidth-box fusion-builder-row-3 fusion-flex-container nonhundred-percent-fullwidth non-hundred-percent-height-scrolling\" style=\"background-color: #ffffff;background-position: center center;background-repeat: no-repeat;border-width: 0px 0px 0px 0px;border-color:#ffffff;border-style:solid;\" ><div class=\"fusion-builder-row fusion-row fusion-flex-align-items-flex-start\" style=\"max-width:calc( 1170px + 0px );margin-left: calc(-0px \/ 2 );margin-right: calc(-0px \/ 2 );\"><div class=\"fusion-layout-column fusion_builder_column fusion-builder-column-3 fusion_builder_column_1_1 1_1 fusion-flex-column\"><div class=\"fusion-column-wrapper fusion-flex-justify-content-flex-start fusion-content-layout-column\" style=\"background-position:left top;background-repeat:no-repeat;-webkit-background-size:cover;-moz-background-size:cover;-o-background-size:cover;background-size:cover;padding: 0px 0px 0px 0px;\"><div class=\"fusion-text fusion-text-3\" style=\"transform:translate3d(0,0,0);\"><p style=\"text-align: justify;\"><strong>Natalia Kuchenbeker<\/strong><\/p>\n<p style=\"text-align: justify;\"><img class=\"wp-image-5138 alignleft\" src=\"https:\/\/aiwzdrowiu.pl\/wp-content\/uploads\/2024\/04\/Screenshot-2024-04-01-at-13.39.26.png\" alt=\"\" width=\"216\" height=\"214\" srcset=\"https:\/\/aiwzdrowiu.pl\/wp-content\/uploads\/2024\/04\/Screenshot-2024-04-01-at-13.39.26-12x12.png 12w, https:\/\/aiwzdrowiu.pl\/wp-content\/uploads\/2024\/04\/Screenshot-2024-04-01-at-13.39.26-66x66.png 66w, https:\/\/aiwzdrowiu.pl\/wp-content\/uploads\/2024\/04\/Screenshot-2024-04-01-at-13.39.26-150x150.png 150w, https:\/\/aiwzdrowiu.pl\/wp-content\/uploads\/2024\/04\/Screenshot-2024-04-01-at-13.39.26-200x198.png 200w, https:\/\/aiwzdrowiu.pl\/wp-content\/uploads\/2024\/04\/Screenshot-2024-04-01-at-13.39.26-300x297.png 300w, https:\/\/aiwzdrowiu.pl\/wp-content\/uploads\/2024\/04\/Screenshot-2024-04-01-at-13.39.26.png 388w\" sizes=\"(max-width: 216px) 100vw, 216px\" \/><\/p>\n<p style=\"text-align: justify;\">Executive Assistant Koalicji AI w Zdrowiu, Alumnka X edycji programu Liderzy Ochrony Zdrowia, Ambasadorka CSR Forum Odpowiedzialnego Biznesu, cz\u0142onkini Studenckiego Ko\u0142a Naukowego AI w Medycynie, a tak\u017ce Koordynatorka Narodowa ds. Praw Cz\u0142owieka i Pokoju Mi\u0119dzynarodowego Stowarzyszenia Student\u00f3w Medycyny IFMSA-Poland 2023\/2024.<\/p>\n<\/div><a class=\"fb-icon-element-3 fb-icon-element fontawesome-icon fa-linkedin-in fab circle-yes fusion-link\" style=\"font-size:26.4px;line-height:50.8px;height:52.8px;width:52.8px;border-width:1px;align-self:flex-end;margin-left:15px;\" href=\"https:\/\/www.linkedin.com\/in\/nataliakuchenbeker\/\" aria-label=\"Link to https:\/\/www.linkedin.com\/in\/nataliakuchenbeker\/\" target=\"_self\"><\/a><style>a.fb-icon-element.fontawesome-icon.fb-icon-element-3{ color: #002e5d; background-color: #ffffff; border-color: #002e5d;}a.fb-icon-element.fontawesome-icon.fb-icon-element-3:hover { color: #ffffff; background-color: #002e5d; border-color: #ffffff;}<\/style><\/div><\/div><style type=\"text\/css\">.fusion-body .fusion-builder-column-3{width:100% !important;margin-top : 0px;margin-bottom : 0px;}.fusion-builder-column-3 > .fusion-column-wrapper {padding-top : 0px !important;padding-right : 0px !important;margin-right : 0px;padding-bottom : 0px !important;padding-left : 0px !important;margin-left : 0px;}@media only screen and (max-width:1024px) {.fusion-body .fusion-builder-column-3{width:100% !important;}.fusion-builder-column-3 > .fusion-column-wrapper {margin-right : 0px;margin-left : 0px;}}@media only screen and (max-width:640px) {.fusion-body .fusion-builder-column-3{width:100% !important;}.fusion-builder-column-3 > .fusion-column-wrapper {margin-right : 0px;margin-left : 0px;}}<\/style><\/div><style type=\"text\/css\">.fusion-body .fusion-flex-container.fusion-builder-row-3{ padding-top : 0px;margin-top : 0px;padding-right : 0px;padding-bottom : 0px;margin-bottom : 0px;padding-left : 0px;}<\/style><\/div><\/p>","protected":false},"excerpt":{"rendered":"","protected":false},"author":1,"featured_media":0,"parent":0,"menu_order":0,"comment_status":"closed","ping_status":"closed","template":"","meta":[],"yoast_head":"<!-- This site is optimized with the Yoast SEO plugin v19.8 - https:\/\/yoast.com\/wordpress\/plugins\/seo\/ -->\n<title>O nas - AI w zdrowiu<\/title>\n<meta name=\"robots\" content=\"index, follow, max-snippet:-1, max-image-preview:large, max-video-preview:-1\" \/>\n<link rel=\"canonical\" href=\"https:\/\/aiwzdrowiu.pl\/en\/o-nas\/\" \/>\n<meta property=\"og:locale\" content=\"en_US\" \/>\n<meta property=\"og:type\" content=\"article\" \/>\n<meta property=\"og:title\" content=\"O nas - AI w zdrowiu\" \/>\n<meta property=\"og:url\" content=\"https:\/\/aiwzdrowiu.pl\/en\/o-nas\/\" \/>\n<meta property=\"og:site_name\" content=\"AI w zdrowiu\" \/>\n<meta property=\"article:modified_time\" content=\"2024-11-04T11:29:41+00:00\" \/>\n<meta property=\"og:image\" content=\"https:\/\/aiwzdrowiu.pl\/wp-content\/uploads\/2022\/10\/Ligia-Kornowska.png\" \/>\n<meta name=\"twitter:card\" content=\"summary_large_image\" \/>\n<meta name=\"twitter:label1\" content=\"Est. reading time\" \/>\n\t<meta name=\"twitter:data1\" content=\"5 minutes\" \/>\n<script type=\"application\/ld+json\" class=\"yoast-schema-graph\">{\"@context\":\"https:\/\/schema.org\",\"@graph\":[{\"@type\":\"WebPage\",\"@id\":\"https:\/\/aiwzdrowiu.pl\/o-nas\/\",\"url\":\"https:\/\/aiwzdrowiu.pl\/o-nas\/\",\"name\":\"O nas - AI w zdrowiu\",\"isPartOf\":{\"@id\":\"https:\/\/aiwzdrowiu.pl\/#website\"},\"datePublished\":\"2021-10-27T15:34:03+00:00\",\"dateModified\":\"2024-11-04T11:29:41+00:00\",\"breadcrumb\":{\"@id\":\"https:\/\/aiwzdrowiu.pl\/o-nas\/#breadcrumb\"},\"inLanguage\":\"en-US\",\"potentialAction\":[{\"@type\":\"ReadAction\",\"target\":[\"https:\/\/aiwzdrowiu.pl\/o-nas\/\"]}]},{\"@type\":\"BreadcrumbList\",\"@id\":\"https:\/\/aiwzdrowiu.pl\/o-nas\/#breadcrumb\",\"itemListElement\":[{\"@type\":\"ListItem\",\"position\":1,\"name\":\"Strona g\u0142\u00f3wna\",\"item\":\"https:\/\/aiwzdrowiu.pl\/\"},{\"@type\":\"ListItem\",\"position\":2,\"name\":\"O nas\"}]},{\"@type\":\"WebSite\",\"@id\":\"https:\/\/aiwzdrowiu.pl\/#website\",\"url\":\"https:\/\/aiwzdrowiu.pl\/\",\"name\":\"AI w zdrowiu\",\"description\":\"\",\"publisher\":{\"@id\":\"https:\/\/aiwzdrowiu.pl\/#organization\"},\"potentialAction\":[{\"@type\":\"SearchAction\",\"target\":{\"@type\":\"EntryPoint\",\"urlTemplate\":\"https:\/\/aiwzdrowiu.pl\/?s={search_term_string}\"},\"query-input\":\"required name=search_term_string\"}],\"inLanguage\":\"en-US\"},{\"@type\":\"Organization\",\"@id\":\"https:\/\/aiwzdrowiu.pl\/#organization\",\"name\":\"Koalicja AI w Zdrowiu\",\"url\":\"https:\/\/aiwzdrowiu.pl\/\",\"sameAs\":[],\"logo\":{\"@type\":\"ImageObject\",\"inLanguage\":\"en-US\",\"@id\":\"https:\/\/aiwzdrowiu.pl\/#\/schema\/logo\/image\/\",\"url\":\"https:\/\/aiwzdrowiu.pl\/wp-content\/uploads\/2022\/03\/white_logo_color1_background-1024x592-1.png\",\"contentUrl\":\"https:\/\/aiwzdrowiu.pl\/wp-content\/uploads\/2022\/03\/white_logo_color1_background-1024x592-1.png\",\"width\":1024,\"height\":592,\"caption\":\"Koalicja AI w Zdrowiu\"},\"image\":{\"@id\":\"https:\/\/aiwzdrowiu.pl\/#\/schema\/logo\/image\/\"}}]}<\/script>\n<!-- \/ Yoast SEO plugin. -->","yoast_head_json":{"title":"O nas - AI w zdrowiu","robots":{"index":"index","follow":"follow","max-snippet":"max-snippet:-1","max-image-preview":"max-image-preview:large","max-video-preview":"max-video-preview:-1"},"canonical":"https:\/\/aiwzdrowiu.pl\/en\/o-nas\/","og_locale":"en_US","og_type":"article","og_title":"O nas - AI w zdrowiu","og_url":"https:\/\/aiwzdrowiu.pl\/en\/o-nas\/","og_site_name":"AI w zdrowiu","article_modified_time":"2024-11-04T11:29:41+00:00","og_image":[{"url":"https:\/\/aiwzdrowiu.pl\/wp-content\/uploads\/2022\/10\/Ligia-Kornowska.png"}],"twitter_card":"summary_large_image","twitter_misc":{"Est. reading time":"5 minutes"},"schema":{"@context":"https:\/\/schema.org","@graph":[{"@type":"WebPage","@id":"https:\/\/aiwzdrowiu.pl\/o-nas\/","url":"https:\/\/aiwzdrowiu.pl\/o-nas\/","name":"O nas - AI w zdrowiu","isPartOf":{"@id":"https:\/\/aiwzdrowiu.pl\/#website"},"datePublished":"2021-10-27T15:34:03+00:00","dateModified":"2024-11-04T11:29:41+00:00","breadcrumb":{"@id":"https:\/\/aiwzdrowiu.pl\/o-nas\/#breadcrumb"},"inLanguage":"en-US","potentialAction":[{"@type":"ReadAction","target":["https:\/\/aiwzdrowiu.pl\/o-nas\/"]}]},{"@type":"BreadcrumbList","@id":"https:\/\/aiwzdrowiu.pl\/o-nas\/#breadcrumb","itemListElement":[{"@type":"ListItem","position":1,"name":"Strona g\u0142\u00f3wna","item":"https:\/\/aiwzdrowiu.pl\/"},{"@type":"ListItem","position":2,"name":"O nas"}]},{"@type":"WebSite","@id":"https:\/\/aiwzdrowiu.pl\/#website","url":"https:\/\/aiwzdrowiu.pl\/","name":"AI w zdrowiu","description":"","publisher":{"@id":"https:\/\/aiwzdrowiu.pl\/#organization"},"potentialAction":[{"@type":"SearchAction","target":{"@type":"EntryPoint","urlTemplate":"https:\/\/aiwzdrowiu.pl\/?s={search_term_string}"},"query-input":"required name=search_term_string"}],"inLanguage":"en-US"},{"@type":"Organization","@id":"https:\/\/aiwzdrowiu.pl\/#organization","name":"Koalicja AI w Zdrowiu","url":"https:\/\/aiwzdrowiu.pl\/","sameAs":[],"logo":{"@type":"ImageObject","inLanguage":"en-US","@id":"https:\/\/aiwzdrowiu.pl\/#\/schema\/logo\/image\/","url":"https:\/\/aiwzdrowiu.pl\/wp-content\/uploads\/2022\/03\/white_logo_color1_background-1024x592-1.png","contentUrl":"https:\/\/aiwzdrowiu.pl\/wp-content\/uploads\/2022\/03\/white_logo_color1_background-1024x592-1.png","width":1024,"height":592,"caption":"Koalicja AI w Zdrowiu"},"image":{"@id":"https:\/\/aiwzdrowiu.pl\/#\/schema\/logo\/image\/"}}]}},"_links":{"self":[{"href":"https:\/\/aiwzdrowiu.pl\/en\/wp-json\/wp\/v2\/pages\/911"}],"collection":[{"href":"https:\/\/aiwzdrowiu.pl\/en\/wp-json\/wp\/v2\/pages"}],"about":[{"href":"https:\/\/aiwzdrowiu.pl\/en\/wp-json\/wp\/v2\/types\/page"}],"author":[{"embeddable":true,"href":"https:\/\/aiwzdrowiu.pl\/en\/wp-json\/wp\/v2\/users\/1"}],"replies":[{"embeddable":true,"href":"https:\/\/aiwzdrowiu.pl\/en\/wp-json\/wp\/v2\/comments?post=911"}],"version-history":[{"count":25,"href":"https:\/\/aiwzdrowiu.pl\/en\/wp-json\/wp\/v2\/pages\/911\/revisions"}],"predecessor-version":[{"id":5461,"href":"https:\/\/aiwzdrowiu.pl\/en\/wp-json\/wp\/v2\/pages\/911\/revisions\/5461"}],"wp:attachment":[{"href":"https:\/\/aiwzdrowiu.pl\/en\/wp-json\/wp\/v2\/media?parent=911"}],"curies":[{"name":"wp","href":"https:\/\/api.w.org\/{rel}","templated":true}]}}